{"id":9,"date":"2020-05-18T22:10:29","date_gmt":"2020-05-18T22:10:29","guid":{"rendered":"https:\/\/stollergraphic.ch\/?page_id=9"},"modified":"2020-06-15T11:50:55","modified_gmt":"2020-06-15T11:50:55","slug":"blog","status":"publish","type":"page","link":"https:\/\/stollergraphic.ch\/index.php\/blog\/","title":{"rendered":"\u00dcber uns"},"content":{"rendered":"\t\t<div data-elementor-type=\"wp-page\" data-elementor-id=\"9\" class=\"elementor elementor-9\" data-elementor-settings=\"[]\">\n\t\t\t\t\t\t<div class=\"elementor-inner\">\n\t\t\t\t\t\t\t<div class=\"elementor-section-wrap\">\n\t\t\t\t\t\t\t<section class=\"elementor-section elementor-top-section elementor-element elementor-element-6b0b834 elementor-section-boxed elementor-section-height-default elementor-section-height-default\" data-id=\"6b0b834\" data-element_type=\"section\">\n\t\t\t\t\t\t<div class=\"elementor-container elementor-column-gap-default\">\n\t\t\t\t\t\t\t<div class=\"elementor-row\">\n\t\t\t\t\t<div class=\"elementor-column elementor-col-50 elementor-top-column elementor-element elementor-element-6f708ef\" data-id=\"6f708ef\" data-element_type=\"column\">\n\t\t\t<div class=\"elementor-column-wrap elementor-element-populated\">\n\t\t\t\t\t\t\t<div class=\"elementor-widget-wrap\">\n\t\t\t\t\t\t<div class=\"elementor-element elementor-element-9239822 elementor-invisible elementor-widget elementor-widget-image\" data-id=\"9239822\" data-element_type=\"widget\" data-settings=\"{&quot;_animation&quot;:&quot;fadeInLeft&quot;}\" data-widget_type=\"image.default\">\n\t\t\t\t<div class=\"elementor-widget-container\">\n\t\t\t\t\t\t\t\t<div class=\"elementor-image\">\n\t\t\t\t\t\t\t\t\t\t\t\t<img width=\"525\" height=\"656\" src=\"https:\/\/stollergraphic.ch\/wp-content\/uploads\/2020\/05\/Fabian-web-820x1024.png\" class=\"attachment-large size-large\" alt=\"\" loading=\"lazy\" srcset=\"https:\/\/stollergraphic.ch\/wp-content\/uploads\/2020\/05\/Fabian-web-820x1024.png 820w, https:\/\/stollergraphic.ch\/wp-content\/uploads\/2020\/05\/Fabian-web-240x300.png 240w, https:\/\/stollergraphic.ch\/wp-content\/uploads\/2020\/05\/Fabian-web-768x959.png 768w, https:\/\/stollergraphic.ch\/wp-content\/uploads\/2020\/05\/Fabian-web-1229x1536.png 1229w, https:\/\/stollergraphic.ch\/wp-content\/uploads\/2020\/05\/Fabian-web-1639x2048.png 1639w\" sizes=\"100vw\" \/>\t\t\t\t\t\t\t\t\t\t\t\t\t\t<\/div>\n\t\t\t\t\t\t<\/div>\n\t\t\t\t<\/div>\n\t\t\t\t\t\t<\/div>\n\t\t\t\t\t<\/div>\n\t\t<\/div>\n\t\t\t\t<div class=\"elementor-column elementor-col-50 elementor-top-column elementor-element elementor-element-f9463e4\" data-id=\"f9463e4\" data-element_type=\"column\">\n\t\t\t<div class=\"elementor-column-wrap elementor-element-populated\">\n\t\t\t\t\t\t\t<div class=\"elementor-widget-wrap\">\n\t\t\t\t\t\t<div class=\"elementor-element elementor-element-7bb7a38 elementor-invisible elementor-widget elementor-widget-text-editor\" data-id=\"7bb7a38\" data-element_type=\"widget\" data-settings=\"{&quot;_animation&quot;:&quot;fadeInRight&quot;}\" data-widget_type=\"text-editor.default\">\n\t\t\t\t<div class=\"elementor-widget-container\">\n\t\t\t\t\t\t\t\t<div class=\"elementor-text-editor elementor-clearfix\">\n\t\t\t\t\t<p class=\"has-text-color has-text-align-center has-medium-font-size has-luminous-vivid-amber-color\" style=\"caret-color: #000000; color: #000000; text-align: start;\"><strong>STOLLER Graphic &#8211; das bin Ich<\/strong><\/p><p>Nach meiner abgeschlossenen Lehre als Polygraf war ich zehn Jahre Profifussballer. W\u00e4hrend dieser Zeit habe ich immer wieder diverse Auftr\u00e4ge f\u00fcr Familie und Freunde erledigt. Ich habe mit diversen Partnern eine Zusammenarbeit und wir bieten euch eine ganze Palette von Dienstleistungen an. Ich arbeite mit den Programmen Indesign, Illustrator und Photoshop.&#8220;<\/p>\t\t\t\t\t<\/div>\n\t\t\t\t\t\t<\/div>\n\t\t\t\t<\/div>\n\t\t\t\t\t\t<\/div>\n\t\t\t\t\t<\/div>\n\t\t<\/div>\n\t\t\t\t\t\t\t\t<\/div>\n\t\t\t\t\t<\/div>\n\t\t<\/section>\n\t\t\t\t\t\t<\/div>\n\t\t\t\t\t\t<\/div>\n\t\t\t\t\t<\/div>\n\t\t","protected":false},"excerpt":{"rendered":"<p>STOLLER Graphic &#8211; das bin Ich Nach meiner abgeschlossenen Lehre als Polygraf war ich zehn Jahre Profifussballer. W\u00e4hrend dieser Zeit habe ich immer wieder diverse Auftr\u00e4ge f\u00fcr Familie und Freunde erledigt. Ich habe mit diversen Partnern eine Zusammenarbeit und wir bieten euch eine ganze Palette von Dienstleistungen an. Ich arbeite mit den Programmen Indesign, Illustrator &hellip; <\/p>\n<p class=\"link-more\"><a href=\"https:\/\/stollergraphic.ch\/index.php\/blog\/\" class=\"more-link\"><span class=\"screen-reader-text\">\u201e\u00dcber uns\u201c<\/span> weiterlesen<\/a><\/p>\n","protected":false},"author":1,"featured_media":0,"parent":0,"menu_order":0,"comment_status":"closed","ping_status":"closed","template":"","meta":[],"_links":{"self":[{"href":"https:\/\/stollergraphic.ch\/index.php\/wp-json\/wp\/v2\/pages\/9"}],"collection":[{"href":"https:\/\/stollergraphic.ch\/index.php\/wp-json\/wp\/v2\/pages"}],"about":[{"href":"https:\/\/stollergraphic.ch\/index.php\/wp-json\/wp\/v2\/types\/page"}],"author":[{"embeddable":true,"href":"https:\/\/stollergraphic.ch\/index.php\/wp-json\/wp\/v2\/users\/1"}],"replies":[{"embeddable":true,"href":"https:\/\/stollergraphic.ch\/index.php\/wp-json\/wp\/v2\/comments?post=9"}],"version-history":[{"count":10,"href":"https:\/\/stollergraphic.ch\/index.php\/wp-json\/wp\/v2\/pages\/9\/revisions"}],"predecessor-version":[{"id":380,"href":"https:\/\/stollergraphic.ch\/index.php\/wp-json\/wp\/v2\/pages\/9\/revisions\/380"}],"wp:attachment":[{"href":"https:\/\/stollergraphic.ch\/index.php\/wp-json\/wp\/v2\/media?parent=9"}],"curies":[{"name":"wp","href":"https:\/\/api.w.org\/{rel}","templated":true}]}}