{"id":6,"date":"2020-05-18T22:10:28","date_gmt":"2020-05-18T22:10:28","guid":{"rendered":"https:\/\/stollergraphic.ch\/?page_id=6"},"modified":"2020-12-21T11:34:08","modified_gmt":"2020-12-21T11:34:08","slug":"the-new-umoma-opens-its-doors-2","status":"publish","type":"page","link":"https:\/\/stollergraphic.ch\/","title":{"rendered":""},"content":{"rendered":"<h2>STOLLER Graphic \u00f6ffnet seine T\u00fcren&#8230;<\/h2>\n<p>Wir unterst\u00fctzen und begleiten Sie bei jedem Wunsch \u2013 ob ein Logo erstellen&#8230;<\/p>\n<p><img loading=\"lazy\" width=\"525\" height=\"830\" src=\"https:\/\/stollergraphic.ch\/wp-content\/uploads\/2020\/05\/Logo-weiss-648x1024.jpg\" alt=\"\" srcset=\"https:\/\/stollergraphic.ch\/wp-content\/uploads\/2020\/05\/Logo-weiss-648x1024.jpg 648w, https:\/\/stollergraphic.ch\/wp-content\/uploads\/2020\/05\/Logo-weiss-190x300.jpg 190w, https:\/\/stollergraphic.ch\/wp-content\/uploads\/2020\/05\/Logo-weiss-768x1214.jpg 768w, https:\/\/stollergraphic.ch\/wp-content\/uploads\/2020\/05\/Logo-weiss-972x1536.jpg 972w, https:\/\/stollergraphic.ch\/wp-content\/uploads\/2020\/05\/Logo-weiss.jpg 1199w\" sizes=\"100vw\"><\/p>\n<p>Wir gehen auf jedes Bed\u00fcrfnis ein und erstellen IHR Logo bis zur Perfektion.<\/p>\n<p><b>oder jegliche Drucksachen wie Visitenkarten,&nbsp;Flyer, Prospekte, Briefbogen&#8230;<\/b><\/p>\n<p><img loading=\"lazy\" width=\"525\" height=\"371\" src=\"https:\/\/stollergraphic.ch\/wp-content\/uploads\/2020\/06\/Preisliste-2020-NEU-1024x724.png\" alt=\"\" srcset=\"https:\/\/stollergraphic.ch\/wp-content\/uploads\/2020\/06\/Preisliste-2020-NEU-1024x724.png 1024w, https:\/\/stollergraphic.ch\/wp-content\/uploads\/2020\/06\/Preisliste-2020-NEU-300x212.png 300w, https:\/\/stollergraphic.ch\/wp-content\/uploads\/2020\/06\/Preisliste-2020-NEU-768x543.png 768w, https:\/\/stollergraphic.ch\/wp-content\/uploads\/2020\/06\/Preisliste-2020-NEU-1536x1086.png 1536w, https:\/\/stollergraphic.ch\/wp-content\/uploads\/2020\/06\/Preisliste-2020-NEU-2048x1448.png 2048w\" sizes=\"100vw\"><br \/>\n<img loading=\"lazy\" width=\"525\" height=\"371\" src=\"https:\/\/stollergraphic.ch\/wp-content\/uploads\/2020\/06\/Preisliste-2020-NEU2-1024x724.png\" alt=\"\" srcset=\"https:\/\/stollergraphic.ch\/wp-content\/uploads\/2020\/06\/Preisliste-2020-NEU2-1024x724.png 1024w, https:\/\/stollergraphic.ch\/wp-content\/uploads\/2020\/06\/Preisliste-2020-NEU2-300x212.png 300w, https:\/\/stollergraphic.ch\/wp-content\/uploads\/2020\/06\/Preisliste-2020-NEU2-768x543.png 768w, https:\/\/stollergraphic.ch\/wp-content\/uploads\/2020\/06\/Preisliste-2020-NEU2-1536x1086.png 1536w, https:\/\/stollergraphic.ch\/wp-content\/uploads\/2020\/06\/Preisliste-2020-NEU2-2048x1448.png 2048w\" sizes=\"100vw\"><\/p>\n<p>Ein Falzflyer als Preisliste<\/p>\n<p>oder professionelle Autobeschriftung &#8211; Alles bei uns erh\u00e4ltlich!<\/p>\n<p><img loading=\"lazy\" width=\"525\" height=\"413\" src=\"https:\/\/stollergraphic.ch\/wp-content\/uploads\/2020\/06\/Auto-AB1-web-1024x805.png\" alt=\"\" srcset=\"https:\/\/stollergraphic.ch\/wp-content\/uploads\/2020\/06\/Auto-AB1-web-1024x805.png 1024w, https:\/\/stollergraphic.ch\/wp-content\/uploads\/2020\/06\/Auto-AB1-web-300x236.png 300w, https:\/\/stollergraphic.ch\/wp-content\/uploads\/2020\/06\/Auto-AB1-web-768x604.png 768w, https:\/\/stollergraphic.ch\/wp-content\/uploads\/2020\/06\/Auto-AB1-web-1536x1208.png 1536w, https:\/\/stollergraphic.ch\/wp-content\/uploads\/2020\/06\/Auto-AB1-web-2048x1611.png 2048w\" sizes=\"100vw\"><br \/>\n<img loading=\"lazy\" width=\"525\" height=\"534\" src=\"https:\/\/stollergraphic.ch\/wp-content\/uploads\/2020\/06\/Auto-AB3-web-1006x1024.png\" alt=\"\" srcset=\"https:\/\/stollergraphic.ch\/wp-content\/uploads\/2020\/06\/Auto-AB3-web-1006x1024.png 1006w, https:\/\/stollergraphic.ch\/wp-content\/uploads\/2020\/06\/Auto-AB3-web-295x300.png 295w, https:\/\/stollergraphic.ch\/wp-content\/uploads\/2020\/06\/Auto-AB3-web-768x782.png 768w, https:\/\/stollergraphic.ch\/wp-content\/uploads\/2020\/06\/Auto-AB3-web-1509x1536.png 1509w, https:\/\/stollergraphic.ch\/wp-content\/uploads\/2020\/06\/Auto-AB3-web-2012x2048.png 2012w\" sizes=\"100vw\"><br \/>\n<img loading=\"lazy\" width=\"525\" height=\"330\" src=\"https:\/\/stollergraphic.ch\/wp-content\/uploads\/2020\/06\/Auto-AB2-web-1024x644.png\" alt=\"\" srcset=\"https:\/\/stollergraphic.ch\/wp-content\/uploads\/2020\/06\/Auto-AB2-web-1024x644.png 1024w, https:\/\/stollergraphic.ch\/wp-content\/uploads\/2020\/06\/Auto-AB2-web-300x189.png 300w, https:\/\/stollergraphic.ch\/wp-content\/uploads\/2020\/06\/Auto-AB2-web-768x483.png 768w, https:\/\/stollergraphic.ch\/wp-content\/uploads\/2020\/06\/Auto-AB2-web-1536x966.png 1536w, https:\/\/stollergraphic.ch\/wp-content\/uploads\/2020\/06\/Auto-AB2-web-2048x1289.png 2048w\" sizes=\"100vw\"><\/p>\n<p>Wir lokalisieren uns auf das Erstellen von Logos, die Herstellung von allen Drucksachen, die Beschriftung von Autos, Lastwagen und Boote und das Erstellen\/Betreuen einer Website.<\/p>\n<p>Haben Sie Fragen oder W\u00fcnsche, dann kontaktieren Sie uns &#8211; Wir sind gerne f\u00fcr Sie da und erf\u00fcllen ihre Bed\u00fcrfnisse.<\/p>\n<p style=\"text-align: justify;\"><strong>STOLLER Graphic<\/strong><\/p>\n<p style=\"text-align: justify;\"><strong>Fabian Stoller<\/strong><\/p>\n<p style=\"padding-top: 1.5em;\"><strong>\u201cDie Erf\u00fcllung ihrer W\u00fcnsche ist f\u00fcr uns mehr als nur eine Dienstleistung. Wir packen an \u2013 Schnell, transparent und mit guten Ideen. Die Kundenzufriedenheit ist unsere oberste Priorit\u00e4t.&#8220;<\/strong><\/p>\n<h2>PARTNER<\/h2>\n<p><img loading=\"lazy\" width=\"525\" height=\"177\" src=\"https:\/\/stollergraphic.ch\/wp-content\/uploads\/2020\/05\/Logo2020-1024x346.png\" alt=\"\" srcset=\"https:\/\/stollergraphic.ch\/wp-content\/uploads\/2020\/05\/Logo2020-1024x346.png 1024w, https:\/\/stollergraphic.ch\/wp-content\/uploads\/2020\/05\/Logo2020-300x101.png 300w, https:\/\/stollergraphic.ch\/wp-content\/uploads\/2020\/05\/Logo2020-768x260.png 768w, https:\/\/stollergraphic.ch\/wp-content\/uploads\/2020\/05\/Logo2020.png 1343w\" sizes=\"100vw\"><br \/>\n<img loading=\"lazy\" width=\"467\" height=\"409\" src=\"https:\/\/stollergraphic.ch\/wp-content\/uploads\/2020\/06\/logo_codelab.png\" alt=\"\" srcset=\"https:\/\/stollergraphic.ch\/wp-content\/uploads\/2020\/06\/logo_codelab.png 467w, https:\/\/stollergraphic.ch\/wp-content\/uploads\/2020\/06\/logo_codelab-300x263.png 300w\" sizes=\"100vw\"><\/p>\n","protected":false},"excerpt":{"rendered":"<p>STOLLER Graphic \u00f6ffnet seine T\u00fcren&#8230; Wir unterst\u00fctzen und begleiten Sie bei jedem Wunsch \u2013 ob ein Logo erstellen&#8230; Wir gehen auf jedes Bed\u00fcrfnis ein und erstellen IHR Logo bis zur Perfektion. oder jegliche Drucksachen wie Visitenkarten,&nbsp;Flyer, Prospekte, Briefbogen&#8230; Ein Falzflyer als Preisliste oder professionelle Autobeschriftung &#8211; Alles bei uns erh\u00e4ltlich! Wir lokalisieren uns auf das &hellip; <\/p>\n<p class=\"link-more\"><a href=\"https:\/\/stollergraphic.ch\/\" class=\"more-link\"><span class=\"screen-reader-text\">\u201e\u201c<\/span> weiterlesen<\/a><\/p>\n","protected":false},"author":1,"featured_media":252,"parent":0,"menu_order":0,"comment_status":"closed","ping_status":"closed","template":"","meta":[],"_links":{"self":[{"href":"https:\/\/stollergraphic.ch\/index.php\/wp-json\/wp\/v2\/pages\/6"}],"collection":[{"href":"https:\/\/stollergraphic.ch\/index.php\/wp-json\/wp\/v2\/pages"}],"about":[{"href":"https:\/\/stollergraphic.ch\/index.php\/wp-json\/wp\/v2\/types\/page"}],"author":[{"embeddable":true,"href":"https:\/\/stollergraphic.ch\/index.php\/wp-json\/wp\/v2\/users\/1"}],"replies":[{"embeddable":true,"href":"https:\/\/stollergraphic.ch\/index.php\/wp-json\/wp\/v2\/comments?post=6"}],"version-history":[{"count":43,"href":"https:\/\/stollergraphic.ch\/index.php\/wp-json\/wp\/v2\/pages\/6\/revisions"}],"predecessor-version":[{"id":448,"href":"https:\/\/stollergraphic.ch\/index.php\/wp-json\/wp\/v2\/pages\/6\/revisions\/448"}],"wp:featuredmedia":[{"embeddable":true,"href":"https:\/\/stollergraphic.ch\/index.php\/wp-json\/wp\/v2\/media\/252"}],"wp:attachment":[{"href":"https:\/\/stollergraphic.ch\/index.php\/wp-json\/wp\/v2\/media?parent=6"}],"curies":[{"name":"wp","href":"https:\/\/api.w.org\/{rel}","templated":true}]}}